{"id":197,"date":"2019-11-05T07:44:21","date_gmt":"2019-11-05T06:44:21","guid":{"rendered":"http:\/\/fuelme.martinschroeder.net\/?page_id=197"},"modified":"2024-09-10T08:03:15","modified_gmt":"2024-09-10T06:03:15","slug":"formate","status":"publish","type":"page","link":"https:\/\/www.fuelme-tankbuch.app\/en\/formate\/","title":{"rendered":"Formate"},"content":{"rendered":"\n<p>Hier findest Du Informationen dar\u00fcber in welcher Form Tank- und Kostendaten f\u00fcr einen Import in FuelMe vorliegen m\u00fcssen.<\/p>\n\n\n\n<p>Beide Ausgaben (Tankausgaben und Ausgaben) k\u00f6nnen in einem bestimmten CSV-Format in FuelMe importiert werden.<\/p>\n\n\n\n<p>Du kannst jederzeit ein Fahrzeug mit Probeeintr\u00e4gen erzeugen und diese Daten exportieren, um eine Beispieldatei zu erhalten. <\/p>\n\n\n\n<h2 class=\"wp-block-heading\">Tankausgaben<\/h2>\n\n\n\n<p>In einer CSV-Datei f\u00fcr Tankausgaben m\u00fcssen 8 Spalten vorliegen. Die erste Zeile wird als Kopfzeile (\u00dcberschriften) angenommen, und deshalb beim eigentlichen Import ignoriert. Anschlie\u00dfend folgt pro Tankeintrag genau eine Zeile mit folgenden Werten im entsprechenden Format:<\/p>\n\n\n\n<figure class=\"wp-block-table\"><table><tbody><tr><td class=\"has-text-align-center\" data-align=\"center\"><strong>#<\/strong><\/td><td><strong>Spaltenname<\/strong><\/td><td><strong>Wert<\/strong><\/td><td><strong>Format<\/strong><\/td><td><strong>Beispiel<\/strong><\/td><td><strong>Anmerkung<\/strong><\/td><\/tr><tr><td class=\"has-text-align-center\" data-align=\"center\">1<\/td><td>date<\/td><td>Datum<\/td><td>yyyy-MM-ddTHH:mm:ss.SSSZ<\/td><td>2019-10-21T18:43:13.000Z<\/td><td>DateTime in UTC<\/td><\/tr><tr><td class=\"has-text-align-center\" data-align=\"center\">2<\/td><td>milage<\/td><td>Km-Stand<\/td><td>Flie\u00dfkommazahl<\/td><td>101283.0<\/td><td>Beachte den Punkt.<\/td><\/tr><tr><td class=\"has-text-align-center\" data-align=\"center\">3<\/td><td>price<\/td><td>Preis<\/td><td>Flie\u00dfkommazahl<\/td><td>64.52<\/td><td>Beachte den Punkt.<\/td><\/tr><tr><td class=\"has-text-align-center\" data-align=\"center\">4<\/td><td>amount<\/td><td>Tankmenge<\/td><td>Flie\u00dfkommazahl<\/td><td>46.79<\/td><td>Beachte den Punkt.<\/td><\/tr><tr><td class=\"has-text-align-center\" data-align=\"center\">5<\/td><td>fullyFueled<\/td><td>Vollgetankt<\/td><td>Wahrheitswert<\/td><td>false f\u00fcr nein<br>true f\u00fcr ja<\/td><td><\/td><\/tr><tr><td class=\"has-text-align-center\" data-align=\"center\">6<\/td><td>missingPredecessor<\/td><td>Vorheriger Eintrag fehlt<\/td><td>Wahrheitswert<\/td><td>false f\u00fcr nein<br>true f\u00fcr ja<\/td><td><\/td><\/tr><tr><td class=\"has-text-align-center\" data-align=\"center\">7<\/td><td>withTrailer<\/td><td>Anh\u00e4ngerfahrt<\/td><td>Wahrheitswert<\/td><td>false f\u00fcr nein<br>true f\u00fcr ja<\/td><td><\/td><\/tr><tr><td class=\"has-text-align-center\" data-align=\"center\">8<\/td><td>tireType<\/td><td>Reifentyp<\/td><td>Ganzzahl (0 &#8211; 2)<\/td><td>0 f\u00fcr Allwetter<br>1 f\u00fcr Sommer<br>2 f\u00fcr Winter<\/td><td><\/td><\/tr><tr><td class=\"has-text-align-center\" data-align=\"center\">9<\/td><td>fuelType<\/td><td>Kraftstoffsorte<\/td><td>Ganzzahl (0-7)<\/td><td>0 f\u00fcr Unbestimmt (Standard)<br>1 f\u00fcr Benzin 95 E5<br>2 f\u00fcr Benzin 95 E10<br>3 f\u00fcr Benzin 98<br>4 f\u00fcr Benzin 100<br>5 f\u00fcr Benzin 102<br>6 f\u00fcr Diesel<br>7 f\u00fcr Diesel (Premium) <\/td><td><\/td><\/tr><tr><td class=\"has-text-align-center\" data-align=\"center\">10<\/td><td>consumptionAsPerCarComputer<\/td><td>Verbrauch laut Bordcomputer<\/td><td>Flie\u00dfkommazahl<\/td><td>7.3<\/td><td>Der Wert ist optional, die Spalte muss aber vorhanden sein. Beachte den Punkt.<\/td><\/tr><tr><td class=\"has-text-align-center\" data-align=\"center\">11<\/td><td>note<\/td><td>Notiz<\/td><td>Zeichenkette<\/td><td>Bei &lt;Tankstelle&gt; getankt<\/td><td><\/td><\/tr><\/tbody><\/table><figcaption class=\"wp-element-caption\">CSV Format f\u00fcr Tankausgaben<\/figcaption><\/figure>\n\n\n\n<h2 class=\"wp-block-heading\">Ausgaben<\/h2>\n\n\n\n<p>In einer CSV-Datei f\u00fcr Ausgaben m\u00fcssen 5 Spalten vorliegen. Die erste Zeile wird als Kopfzeile (\u00dcberschriften) angenommen, und deshalb beim eigentlichen Import ignoriert. Anschlie\u00dfend folgt pro Kosteneintrag genau eine Zeile mit folgenden Werten im entsprechenden Format:<\/p>\n\n\n\n<figure class=\"wp-block-table\"><table><tbody><tr><td class=\"has-text-align-center\" data-align=\"center\"><strong>#<\/strong><\/td><td><strong>Wert<\/strong><\/td><td><strong>Format<\/strong><\/td><td><strong>Beispiel<\/strong><\/td><td><strong>Anmerkung<\/strong><\/td><\/tr><tr><td class=\"has-text-align-center\" data-align=\"center\">1<\/td><td>Datum<\/td><td>yyyy-MM-ddTHH:mm:ss.SSSZ<\/td><td>2019-10-21T18:43:13.000Z<\/td><td>DateTime in UTC<\/td><\/tr><tr><td class=\"has-text-align-center\" data-align=\"center\">2<\/td><td>Km-Stand<\/td><td>Flie\u00dfkommazahl<\/td><td>101283.0<\/td><td>Beachte den Punkt.<\/td><\/tr><tr><td class=\"has-text-align-center\" data-align=\"center\">3<\/td><td>Preis<\/td><td>Flie\u00dfkommazahl<\/td><td>64.52<\/td><td>Beachte den Punkt.<\/td><\/tr><tr><td class=\"has-text-align-center\" data-align=\"center\">4<\/td><td>Kostenart<\/td><td>Ganzzahl (0 &#8211; 9)<\/td><td>0 f\u00fcr Zubeh\u00f6r<br>1 f\u00fcr Pflege<br>2 f\u00fcr Geb\u00fchren<br>3 f\u00fcr Versicherung<br>4 f\u00fcr Wartung<br>5 f\u00fcr Sonstiges<br>6 f\u00fcr Gutschrift<br>7 f\u00fcr Werkstatt<br>8 f\u00fcr Inspektion\/Service<br>9 f\u00fcr Steuer<br>10 f\u00fcr Rate<\/td><td><\/td><\/tr><tr><td class=\"has-text-align-center\" data-align=\"center\">5<\/td><td>Gutschrift<\/td><td>Wahrheitswert<\/td><td>false f\u00fcr Nein<br>true f\u00fcr Ja<\/td><td>seit Version 1.7<\/td><\/tr><tr><td class=\"has-text-align-center\" data-align=\"center\">6<\/td><td>Notiz<\/td><td>Zeichenkette<\/td><td>Versicherung und Steuer<\/td><td><\/td><\/tr><\/tbody><\/table><figcaption class=\"wp-element-caption\">CSV Format f\u00fcr Ausgaben<\/figcaption><\/figure>\n\n\n\n<p><\/p>\n","protected":false},"excerpt":{"rendered":"<p>Hier findest Du Informationen dar\u00fcber in welcher Form Tank- und Kostendaten f\u00fcr einen Import in FuelMe vorliegen m\u00fcssen. Beide Ausgaben (Tankausgaben und Ausgaben) k\u00f6nnen in einem bestimmten CSV-Format in FuelMe importiert werden. Du kannst jederzeit ein Fahrzeug mit Probeeintr\u00e4gen erzeugen und diese Daten exportieren, um eine Beispieldatei zu erhalten. Tankausgaben In einer CSV-Datei f\u00fcr Tankausgaben &#8230; <a title=\"Formate\" class=\"read-more\" href=\"https:\/\/www.fuelme-tankbuch.app\/en\/formate\/\" aria-label=\"Read more about Formate\">Read more<\/a><\/p>\n","protected":false},"author":1,"featured_media":0,"parent":0,"menu_order":4,"comment_status":"closed","ping_status":"closed","template":"","meta":{"footnotes":""},"class_list":["post-197","page","type-page","status-publish"],"_links":{"self":[{"href":"https:\/\/www.fuelme-tankbuch.app\/en\/wp-json\/wp\/v2\/pages\/197","targetHints":{"allow":["GET"]}}],"collection":[{"href":"https:\/\/www.fuelme-tankbuch.app\/en\/wp-json\/wp\/v2\/pages"}],"about":[{"href":"https:\/\/www.fuelme-tankbuch.app\/en\/wp-json\/wp\/v2\/types\/page"}],"author":[{"embeddable":true,"href":"https:\/\/www.fuelme-tankbuch.app\/en\/wp-json\/wp\/v2\/users\/1"}],"replies":[{"embeddable":true,"href":"https:\/\/www.fuelme-tankbuch.app\/en\/wp-json\/wp\/v2\/comments?post=197"}],"version-history":[{"count":14,"href":"https:\/\/www.fuelme-tankbuch.app\/en\/wp-json\/wp\/v2\/pages\/197\/revisions"}],"predecessor-version":[{"id":477,"href":"https:\/\/www.fuelme-tankbuch.app\/en\/wp-json\/wp\/v2\/pages\/197\/revisions\/477"}],"wp:attachment":[{"href":"https:\/\/www.fuelme-tankbuch.app\/en\/wp-json\/wp\/v2\/media?parent=197"}],"curies":[{"name":"wp","href":"https:\/\/api.w.org\/{rel}","templated":true}]}}