{"id":2,"date":"2018-12-04T08:32:34","date_gmt":"2018-12-04T07:32:34","guid":{"rendered":"http:\/\/fuelme.martinschroeder.net\/?page_id=2"},"modified":"2018-12-06T20:12:56","modified_gmt":"2018-12-06T19:12:56","slug":"was","status":"publish","type":"page","link":"https:\/\/www.fuelme-tankbuch.app\/en\/was\/","title":{"rendered":"Was"},"content":{"rendered":"<p>FuelMe &#8211; Die Tankbuch-App<\/p>\n<ul>\n<li>\u00dcberblick \u00fcber alle wichtigen Dinge rund um Deine Fahrzeuge<\/li>\n<li>Kostenfreie Variante und kostenpflichtige Features<\/li>\n<li>Interessante Informationen \u00fcber\n<ul>\n<li>Spritpreise<\/li>\n<li>Verbrauch<\/li>\n<li>Tankverhalten<\/li>\n<li>Datenimport und -export im CSV-Format<\/li>\n<li>Datensicherungen auf Deinem Ger\u00e4t (und in der Cloud, wenn Du das m\u00f6chtest)<\/li>\n<li>Diagramme f\u00fcr jedes Deiner Fahrzeuge, auch fahrzeug\u00fcbergreifend<\/li>\n<li>Erinnerungen mit Vorlaufzeit&nbsp;an wichtige Termine bzgl. Deiner Fahrzeuge<\/li>\n<\/ul>\n<\/li>\n<\/ul>\n<p>und vieles mehr<\/p>\n<p>&nbsp;<\/p>\n","protected":false},"excerpt":{"rendered":"<p>FuelMe &#8211; Die Tankbuch-App \u00dcberblick \u00fcber alle wichtigen Dinge rund um Deine Fahrzeuge Kostenfreie Variante und kostenpflichtige Features Interessante Informationen \u00fcber Spritpreise Verbrauch Tankverhalten Datenimport und -export im CSV-Format Datensicherungen auf Deinem Ger\u00e4t (und in der Cloud, wenn Du das m\u00f6chtest) Diagramme f\u00fcr jedes Deiner Fahrzeuge, auch fahrzeug\u00fcbergreifend Erinnerungen mit Vorlaufzeit&nbsp;an wichtige Termine bzgl. Deiner &#8230; <a title=\"Was\" class=\"read-more\" href=\"https:\/\/www.fuelme-tankbuch.app\/en\/was\/\" aria-label=\"Read more about Was\">Read more<\/a><\/p>\n","protected":false},"author":1,"featured_media":0,"parent":0,"menu_order":1,"comment_status":"closed","ping_status":"closed","template":"","meta":{"footnotes":""},"class_list":["post-2","page","type-page","status-publish"],"_links":{"self":[{"href":"https:\/\/www.fuelme-tankbuch.app\/en\/wp-json\/wp\/v2\/pages\/2","targetHints":{"allow":["GET"]}}],"collection":[{"href":"https:\/\/www.fuelme-tankbuch.app\/en\/wp-json\/wp\/v2\/pages"}],"about":[{"href":"https:\/\/www.fuelme-tankbuch.app\/en\/wp-json\/wp\/v2\/types\/page"}],"author":[{"embeddable":true,"href":"https:\/\/www.fuelme-tankbuch.app\/en\/wp-json\/wp\/v2\/users\/1"}],"replies":[{"embeddable":true,"href":"https:\/\/www.fuelme-tankbuch.app\/en\/wp-json\/wp\/v2\/comments?post=2"}],"version-history":[{"count":6,"href":"https:\/\/www.fuelme-tankbuch.app\/en\/wp-json\/wp\/v2\/pages\/2\/revisions"}],"predecessor-version":[{"id":77,"href":"https:\/\/www.fuelme-tankbuch.app\/en\/wp-json\/wp\/v2\/pages\/2\/revisions\/77"}],"wp:attachment":[{"href":"https:\/\/www.fuelme-tankbuch.app\/en\/wp-json\/wp\/v2\/media?parent=2"}],"curies":[{"name":"wp","href":"https:\/\/api.w.org\/{rel}","templated":true}]}}