{"id":495,"date":"2025-10-20T09:11:17","date_gmt":"2025-10-20T07:11:17","guid":{"rendered":"https:\/\/www.fuelme-tankbuch.app\/?page_id=495"},"modified":"2025-10-20T09:11:18","modified_gmt":"2025-10-20T07:11:18","slug":"avis-reglementaires","status":"publish","type":"page","link":"https:\/\/www.fuelme-tankbuch.app\/en\/hinweise\/avis-reglementaires\/","title":{"rendered":"Avis r\u00e9glementaires"},"content":{"rendered":"\n<h3 class=\"wp-block-heading\"><strong>FuelMe<\/strong><\/h3>\n\n\n\n<p>D\u00e9velopp\u00e9 par Martin Schr\u00f6der<\/p>\n\n\n\n<h3 class=\"wp-block-heading\"><strong>Ressources et biblioth\u00e8ques utilis\u00e9es<\/strong><\/h3>\n\n\n\n<p>Toutes les ic\u00f4nes proviennent de <a href=\"https:\/\/icons8.com\">https:\/\/icons8.com<\/a> et sont utilis\u00e9es sous la licence <strong>Creative Commons Attribution-NoDerivs 3.0 Unported<\/strong>.<br>Pour plus d\u2019information sur cette licence, consultez : <a href=\"https:\/\/creativecommons.org\/licences\/by-nd\/3.0\">https:\/\/creativecommons.org\/licences\/by-nd\/3.0<\/a><\/p>\n\n\n\n<h3 class=\"wp-block-heading\"><strong>\u00c9valuation<\/strong><\/h3>\n\n\n\n<p>Veuillez \u00e9valuer l\u2019application <strong>FuelMe<\/strong> dans l\u2019App Store. Votre appui m\u2019aide \u00e9norm\u00e9ment \u00e0 continuer d\u2019offrir FuelMe sans publicit\u00e9.<\/p>\n\n\n\n<h3 class=\"wp-block-heading\"><strong>Avis de non-responsabilit\u00e9<\/strong><\/h3>\n\n\n\n<p>L\u2019utilisation de cette application se fait aux risques de l\u2019utilisateur.<br>Toute r\u00e9clamation pour dommages ou d\u00e9fauts en raison d\u2019informations manquantes ou erron\u00e9es est exclue.<\/p>\n\n\n\n<p>M\u00eame si le d\u00e9veloppeur teste minutieusement l\u2019application <strong>FuelMe<\/strong> et ses mises \u00e0 jour, des erreurs ne peuvent jamais \u00eatre totalement exclues. Le d\u00e9veloppeur de FuelMe n\u2019assume donc aucune responsabilit\u00e9 pour tout dommage, direct ou indirect, d\u00e9coulant de l\u2019utilisation de l\u2019application.<\/p>\n\n\n\n<p>Le d\u00e9veloppeur ne garantit pas non plus le bon fonctionnement de l\u2019application <strong>FuelMe<\/strong>.<\/p>\n","protected":false},"excerpt":{"rendered":"<p>FuelMe D\u00e9velopp\u00e9 par Martin Schr\u00f6der Ressources et biblioth\u00e8ques utilis\u00e9es Toutes les ic\u00f4nes proviennent de https:\/\/icons8.com et sont utilis\u00e9es sous la licence Creative Commons Attribution-NoDerivs 3.0 Unported.Pour plus d\u2019information sur cette licence, consultez : https:\/\/creativecommons.org\/licences\/by-nd\/3.0 \u00c9valuation Veuillez \u00e9valuer l\u2019application FuelMe dans l\u2019App Store. Votre appui m\u2019aide \u00e9norm\u00e9ment \u00e0 continuer d\u2019offrir FuelMe sans publicit\u00e9. Avis de non-responsabilit\u00e9 &#8230; <a title=\"Avis r\u00e9glementaires\" class=\"read-more\" href=\"https:\/\/www.fuelme-tankbuch.app\/en\/hinweise\/avis-reglementaires\/\" aria-label=\"Read more about Avis r\u00e9glementaires\">Read more<\/a><\/p>\n","protected":false},"author":1,"featured_media":0,"parent":93,"menu_order":0,"comment_status":"closed","ping_status":"closed","template":"","meta":{"footnotes":""},"class_list":["post-495","page","type-page","status-publish"],"_links":{"self":[{"href":"https:\/\/www.fuelme-tankbuch.app\/en\/wp-json\/wp\/v2\/pages\/495","targetHints":{"allow":["GET"]}}],"collection":[{"href":"https:\/\/www.fuelme-tankbuch.app\/en\/wp-json\/wp\/v2\/pages"}],"about":[{"href":"https:\/\/www.fuelme-tankbuch.app\/en\/wp-json\/wp\/v2\/types\/page"}],"author":[{"embeddable":true,"href":"https:\/\/www.fuelme-tankbuch.app\/en\/wp-json\/wp\/v2\/users\/1"}],"replies":[{"embeddable":true,"href":"https:\/\/www.fuelme-tankbuch.app\/en\/wp-json\/wp\/v2\/comments?post=495"}],"version-history":[{"count":1,"href":"https:\/\/www.fuelme-tankbuch.app\/en\/wp-json\/wp\/v2\/pages\/495\/revisions"}],"predecessor-version":[{"id":496,"href":"https:\/\/www.fuelme-tankbuch.app\/en\/wp-json\/wp\/v2\/pages\/495\/revisions\/496"}],"up":[{"embeddable":true,"href":"https:\/\/www.fuelme-tankbuch.app\/en\/wp-json\/wp\/v2\/pages\/93"}],"wp:attachment":[{"href":"https:\/\/www.fuelme-tankbuch.app\/en\/wp-json\/wp\/v2\/media?parent=495"}],"curies":[{"name":"wp","href":"https:\/\/api.w.org\/{rel}","templated":true}]}}