{"id":7,"date":"2018-12-04T20:16:37","date_gmt":"2018-12-04T19:16:37","guid":{"rendered":"http:\/\/fuelme.martinschroeder.net\/?page_id=7"},"modified":"2018-12-06T19:42:33","modified_gmt":"2018-12-06T18:42:33","slug":"features","status":"publish","type":"page","link":"https:\/\/www.fuelme-tankbuch.app\/en\/features\/","title":{"rendered":"Features"},"content":{"rendered":"<p>Die FuelMe-App bietet Dir viele tolle Features:<\/p>\n<ul>\n<li>Erfassung von Ausgaben f\u00fcr Kraftstoff (Benzin, Diesel, Elektrizit\u00e4t)<\/li>\n<li>Erfassung von weiteren Ausgaben, etwa Versicherung, Steuer, Werkstatt etc.<\/li>\n<li>Zusammenfassung der eingegebenen Daten, z. B. Gesamtstrecke, Tankausgaben, Preis pro Kilometer, Verbrauch (insgesamt und pro Jahr)<\/li>\n<li>Erinnerungen an Termine bzgl. eines Fahrzeugs\n<ul>\n<li>T\u00dcV<\/li>\n<li>Erste-Hilfe-Kasten<\/li>\n<li>Werkstatt (Datum)<\/li>\n<li>Inspektion (km-Stand)<\/li>\n<\/ul>\n<\/li>\n<li>Datensicherung auf Deinem Ger\u00e4t (und in iCloud wenn Du das m\u00f6chtest)<\/li>\n<li>CSV-Export der Daten<\/li>\n<li>Auswertungen \u00fcber Verbrauch, Preisentwicklung, Tankverhalten sowohl f\u00fcr einzelne Fahrzeuge als auch \u00fcber alle erfassten Fahrzeuge in Form von Linien und Balkendiagrammen<\/li>\n<\/ul>\n","protected":false},"excerpt":{"rendered":"<p>Die FuelMe-App bietet Dir viele tolle Features: Erfassung von Ausgaben f\u00fcr Kraftstoff (Benzin, Diesel, Elektrizit\u00e4t) Erfassung von weiteren Ausgaben, etwa Versicherung, Steuer, Werkstatt etc. Zusammenfassung der eingegebenen Daten, z. B. Gesamtstrecke, Tankausgaben, Preis pro Kilometer, Verbrauch (insgesamt und pro Jahr) Erinnerungen an Termine bzgl. eines Fahrzeugs T\u00dcV Erste-Hilfe-Kasten Werkstatt (Datum) Inspektion (km-Stand) Datensicherung auf Deinem &#8230; <a title=\"Features\" class=\"read-more\" href=\"https:\/\/www.fuelme-tankbuch.app\/en\/features\/\" aria-label=\"Read more about Features\">Read more<\/a><\/p>\n","protected":false},"author":1,"featured_media":0,"parent":0,"menu_order":2,"comment_status":"closed","ping_status":"closed","template":"","meta":{"footnotes":""},"class_list":["post-7","page","type-page","status-publish"],"_links":{"self":[{"href":"https:\/\/www.fuelme-tankbuch.app\/en\/wp-json\/wp\/v2\/pages\/7","targetHints":{"allow":["GET"]}}],"collection":[{"href":"https:\/\/www.fuelme-tankbuch.app\/en\/wp-json\/wp\/v2\/pages"}],"about":[{"href":"https:\/\/www.fuelme-tankbuch.app\/en\/wp-json\/wp\/v2\/types\/page"}],"author":[{"embeddable":true,"href":"https:\/\/www.fuelme-tankbuch.app\/en\/wp-json\/wp\/v2\/users\/1"}],"replies":[{"embeddable":true,"href":"https:\/\/www.fuelme-tankbuch.app\/en\/wp-json\/wp\/v2\/comments?post=7"}],"version-history":[{"count":5,"href":"https:\/\/www.fuelme-tankbuch.app\/en\/wp-json\/wp\/v2\/pages\/7\/revisions"}],"predecessor-version":[{"id":67,"href":"https:\/\/www.fuelme-tankbuch.app\/en\/wp-json\/wp\/v2\/pages\/7\/revisions\/67"}],"wp:attachment":[{"href":"https:\/\/www.fuelme-tankbuch.app\/en\/wp-json\/wp\/v2\/media?parent=7"}],"curies":[{"name":"wp","href":"https:\/\/api.w.org\/{rel}","templated":true}]}}