{"id":89,"date":"2018-12-12T09:50:37","date_gmt":"2018-12-12T08:50:37","guid":{"rendered":"http:\/\/fuelme.martinschroeder.net\/?page_id=89"},"modified":"2018-12-12T20:30:38","modified_gmt":"2018-12-12T19:30:38","slug":"impressum","status":"publish","type":"page","link":"https:\/\/www.fuelme-tankbuch.app\/en\/impressum\/","title":{"rendered":"Impressum"},"content":{"rendered":"\n<p style=\"text-align:center\"><strong>Allgemein<\/strong><br>                        Martin Schr\u00f6der<br>                        Dorfstr. 45<br>                        D-16775 Sch\u00f6nermark<\/p>\n\n\n\n<p><br>                        <\/p>\n\n\n\n<p style=\"text-align:center\"><strong>eMail<\/strong>\u00a0mail(at)martinschroeder(dot)net<br><strong>Internet<\/strong>\u00a0www.martinschroeder.net<\/p>\n\n\n\n<p><\/p>\n\n\n\n<p style=\"text-align:center\"><strong>Inhaltlich Verantwortlicher gem\u00e4\u00df Paragraph 10 Absatz 3 MDStV<\/strong><br>Martin Schr\u00f6der (Anschrift wie oben)<\/p>\n\n\n\n<p><\/p>\n\n\n\n<p style=\"text-align:center\"><strong>Haftungshinweis<\/strong><br>Trotz sorgf\u00e4ltiger inhaltlicher Kontrolle \u00fcbernehmen wir keine Haftung f\u00fcr die Inhalte externer Links. F\u00fcr den Inhalt der verlinkten Seiten sind ausschlie\u00dflich deren Betreiber verantwortlich.<\/p>\n\n\n\n<p style=\"text-align:center\">Zum Zeitpunkt der Ver\u00f6ffentlichung eines Artikels wurden s\u00e4mtliche Links auf rechtliche Bedenken gepr\u00fcft. Sollten sich danach die Inhalte der verlinkten Seiten ge\u00e4ndert haben, distanzieren wir uns von den neuen Inhalten, insofern diese rechtswidrig sind.<\/p>\n\n\n\n<p><\/p>\n\n\n\n<p style=\"text-align:center\"><strong>Copyright<\/strong><\/p>\n\n\n\n<p style=\"text-align:center\">Alle Artikel unterliegen dem Copyright der jeweiligen Autoren.<br><\/p>\n\n\n\n<p style=\"text-align:center\">S\u00e4mtliche verwendeten Markennamen und Bezeichnungen unterliegen dem Copyright der jeweiligen Eigent\u00fcmer &#8211; Sie werden hier in nur im redaktionellen Sinne verwendet.<\/p>\n","protected":false},"excerpt":{"rendered":"<p>Allgemein Martin Schr\u00f6der Dorfstr. 45 D-16775 Sch\u00f6nermark eMail\u00a0mail(at)martinschroeder(dot)netInternet\u00a0www.martinschroeder.net Inhaltlich Verantwortlicher gem\u00e4\u00df Paragraph 10 Absatz 3 MDStVMartin Schr\u00f6der (Anschrift wie oben) HaftungshinweisTrotz sorgf\u00e4ltiger inhaltlicher Kontrolle \u00fcbernehmen wir keine Haftung f\u00fcr die Inhalte externer Links. F\u00fcr den Inhalt der verlinkten Seiten sind ausschlie\u00dflich deren Betreiber verantwortlich. Zum Zeitpunkt der Ver\u00f6ffentlichung eines Artikels wurden s\u00e4mtliche Links auf rechtliche &#8230; <a title=\"Impressum\" class=\"read-more\" href=\"https:\/\/www.fuelme-tankbuch.app\/en\/impressum\/\" aria-label=\"Read more about Impressum\">Read more<\/a><\/p>\n","protected":false},"author":1,"featured_media":0,"parent":0,"menu_order":999,"comment_status":"closed","ping_status":"closed","template":"","meta":{"footnotes":""},"class_list":["post-89","page","type-page","status-publish"],"_links":{"self":[{"href":"https:\/\/www.fuelme-tankbuch.app\/en\/wp-json\/wp\/v2\/pages\/89","targetHints":{"allow":["GET"]}}],"collection":[{"href":"https:\/\/www.fuelme-tankbuch.app\/en\/wp-json\/wp\/v2\/pages"}],"about":[{"href":"https:\/\/www.fuelme-tankbuch.app\/en\/wp-json\/wp\/v2\/types\/page"}],"author":[{"embeddable":true,"href":"https:\/\/www.fuelme-tankbuch.app\/en\/wp-json\/wp\/v2\/users\/1"}],"replies":[{"embeddable":true,"href":"https:\/\/www.fuelme-tankbuch.app\/en\/wp-json\/wp\/v2\/comments?post=89"}],"version-history":[{"count":5,"href":"https:\/\/www.fuelme-tankbuch.app\/en\/wp-json\/wp\/v2\/pages\/89\/revisions"}],"predecessor-version":[{"id":98,"href":"https:\/\/www.fuelme-tankbuch.app\/en\/wp-json\/wp\/v2\/pages\/89\/revisions\/98"}],"wp:attachment":[{"href":"https:\/\/www.fuelme-tankbuch.app\/en\/wp-json\/wp\/v2\/media?parent=89"}],"curies":[{"name":"wp","href":"https:\/\/api.w.org\/{rel}","templated":true}]}}