{"id":93,"date":"2018-12-12T20:35:44","date_gmt":"2018-12-12T19:35:44","guid":{"rendered":"http:\/\/fuelme.martinschroeder.net\/?page_id=93"},"modified":"2018-12-17T09:39:21","modified_gmt":"2018-12-17T08:39:21","slug":"hinweise","status":"publish","type":"page","link":"https:\/\/www.fuelme-tankbuch.app\/en\/hinweise\/","title":{"rendered":"Hinweise"},"content":{"rendered":"\n<center>\n<h2>FuelMe<\/h2>\n<p>Entwickelt von Martin Schr\u00f6der<\/p>\n<h2>Benutzte Ressourcen und Bibliotheken<\/h2><p>Alle Icons stammen von https:\/\/icons8.com und werden hier unter der Creative Commons Attribution-DoDerivs 3.0 Unported-Lizenz verwendet. Weitere Information zur Lizenz sind hier erh\u00e4ltlich: https:\/\/creativecommons.org\/licences\/by-nd\/3.0<\/p>\n\n<h2>Bewertung<\/h2>\n<p>Bitte bewerte die FuelMe-App im App-Store. Deine Unterst\u00fctzung hilft mir sehr FuelMe auch weiter werbefrei anbieten zu k\u00f6nnen.<\/p>\n\n<h2>Haftungshinweis<\/h2>\n<p>Die Nutzung dieser App erfolgt auf eigene Gefahr des Nutzers. Schadenersatzforderungen und M\u00e4ngelanspr\u00fcche aufgrund fehlender oder falscher Angaben sind ausgeschlossen. Obwohl der Entwickler die FuelMe-App und deren Weiterentwicklungen sehr ausgiebig testet, k\u00f6nnen Fehler nie ausgeschlossen werden. Der Entwickler der FuelMe-App \u00fcbernimmt daher keine Haftung f\u00fcr Sch\u00e4den jeder Art, auch f\u00fcr indirekte oder Folgesch\u00e4den, die durch die Nutzung der FuelMe-App auftreten. Weiter garantiert der Entwickler nicht f\u00fcr die Funktionsf\u00e4higkeit der FuelMe-App.<\/p>\n<\/center>\n\n\n\n<p><\/p>\n","protected":false},"excerpt":{"rendered":"<p>FuelMe Entwickelt von Martin Schr\u00f6der Benutzte Ressourcen und Bibliotheken Alle Icons stammen von https:\/\/icons8.com und werden hier unter der Creative Commons Attribution-DoDerivs 3.0 Unported-Lizenz verwendet. Weitere Information zur Lizenz sind hier erh\u00e4ltlich: https:\/\/creativecommons.org\/licences\/by-nd\/3.0 Bewertung Bitte bewerte die FuelMe-App im App-Store. Deine Unterst\u00fctzung hilft mir sehr FuelMe auch weiter werbefrei anbieten zu k\u00f6nnen. Haftungshinweis Die Nutzung &#8230; <a title=\"Hinweise\" class=\"read-more\" href=\"https:\/\/www.fuelme-tankbuch.app\/en\/hinweise\/\" aria-label=\"Read more about Hinweise\">Read more<\/a><\/p>\n","protected":false},"author":1,"featured_media":0,"parent":0,"menu_order":100,"comment_status":"closed","ping_status":"closed","template":"","meta":{"footnotes":""},"class_list":["post-93","page","type-page","status-publish"],"_links":{"self":[{"href":"https:\/\/www.fuelme-tankbuch.app\/en\/wp-json\/wp\/v2\/pages\/93","targetHints":{"allow":["GET"]}}],"collection":[{"href":"https:\/\/www.fuelme-tankbuch.app\/en\/wp-json\/wp\/v2\/pages"}],"about":[{"href":"https:\/\/www.fuelme-tankbuch.app\/en\/wp-json\/wp\/v2\/types\/page"}],"author":[{"embeddable":true,"href":"https:\/\/www.fuelme-tankbuch.app\/en\/wp-json\/wp\/v2\/users\/1"}],"replies":[{"embeddable":true,"href":"https:\/\/www.fuelme-tankbuch.app\/en\/wp-json\/wp\/v2\/comments?post=93"}],"version-history":[{"count":7,"href":"https:\/\/www.fuelme-tankbuch.app\/en\/wp-json\/wp\/v2\/pages\/93\/revisions"}],"predecessor-version":[{"id":105,"href":"https:\/\/www.fuelme-tankbuch.app\/en\/wp-json\/wp\/v2\/pages\/93\/revisions\/105"}],"wp:attachment":[{"href":"https:\/\/www.fuelme-tankbuch.app\/en\/wp-json\/wp\/v2\/media?parent=93"}],"curies":[{"name":"wp","href":"https:\/\/api.w.org\/{rel}","templated":true}]}}